{"id":915,"date":"2022-11-03T09:03:23","date_gmt":"2022-11-03T09:03:23","guid":{"rendered":"https:\/\/brickstogo.ch\/?page_id=915"},"modified":"2023-01-29T14:27:26","modified_gmt":"2023-01-29T14:27:26","slug":"agb","status":"publish","type":"page","link":"https:\/\/brickstogo.ch\/?page_id=915","title":{"rendered":"AGB"},"content":{"rendered":"\t\t<div data-elementor-type=\"wp-page\" data-elementor-id=\"915\" class=\"elementor elementor-915\">\n\t\t\t\t\t\t<section class=\"elementor-section elementor-top-section elementor-element elementor-element-225cfa7 elementor-section-boxed elementor-section-height-default elementor-section-height-default\" data-id=\"225cfa7\" data-element_type=\"section\" data-settings=\"{&quot;background_background&quot;:&quot;classic&quot;,&quot;shape_divider_bottom&quot;:&quot;waves&quot;}\">\n\t\t\t\t\t\t\t<div class=\"elementor-background-overlay\"><\/div>\n\t\t\t\t\t\t<div class=\"elementor-shape elementor-shape-bottom\" data-negative=\"false\">\n\t\t\t<svg xmlns=\"http:\/\/www.w3.org\/2000\/svg\" viewBox=\"0 0 1000 100\" preserveAspectRatio=\"none\">\n\t<path class=\"elementor-shape-fill\" d=\"M421.9,6.5c22.6-2.5,51.5,0.4,75.5,5.3c23.6,4.9,70.9,23.5,100.5,35.7c75.8,32.2,133.7,44.5,192.6,49.7\n\tc23.6,2.1,48.7,3.5,103.4-2.5c54.7-6,106.2-25.6,106.2-25.6V0H0v30.3c0,0,72,32.6,158.4,30.5c39.2-0.7,92.8-6.7,134-22.4\n\tc21.2-8.1,52.2-18.2,79.7-24.2C399.3,7.9,411.6,7.5,421.9,6.5z\"\/>\n<\/svg>\t\t<\/div>\n\t\t\t\t\t<div class=\"elementor-container elementor-column-gap-default\">\n\t\t\t\t\t<div class=\"elementor-column elementor-col-100 elementor-top-column elementor-element elementor-element-62a98ff\" data-id=\"62a98ff\" data-element_type=\"column\">\n\t\t\t<div class=\"elementor-widget-wrap elementor-element-populated\">\n\t\t\t\t\t\t<div class=\"elementor-element elementor-element-65ebf37 elementor-widget elementor-widget-site-logo\" data-id=\"65ebf37\" data-element_type=\"widget\" data-settings=\"{&quot;width&quot;:{&quot;unit&quot;:&quot;%&quot;,&quot;size&quot;:16,&quot;sizes&quot;:[]},&quot;width_tablet&quot;:{&quot;unit&quot;:&quot;%&quot;,&quot;size&quot;:22,&quot;sizes&quot;:[]},&quot;width_mobile&quot;:{&quot;unit&quot;:&quot;%&quot;,&quot;size&quot;:48,&quot;sizes&quot;:[]},&quot;align&quot;:&quot;center&quot;,&quot;space&quot;:{&quot;unit&quot;:&quot;%&quot;,&quot;size&quot;:&quot;&quot;,&quot;sizes&quot;:[]},&quot;space_tablet&quot;:{&quot;unit&quot;:&quot;%&quot;,&quot;size&quot;:&quot;&quot;,&quot;sizes&quot;:[]},&quot;space_mobile&quot;:{&quot;unit&quot;:&quot;%&quot;,&quot;size&quot;:&quot;&quot;,&quot;sizes&quot;:[]},&quot;image_border_radius&quot;:{&quot;unit&quot;:&quot;px&quot;,&quot;top&quot;:&quot;&quot;,&quot;right&quot;:&quot;&quot;,&quot;bottom&quot;:&quot;&quot;,&quot;left&quot;:&quot;&quot;,&quot;isLinked&quot;:true},&quot;image_border_radius_tablet&quot;:{&quot;unit&quot;:&quot;px&quot;,&quot;top&quot;:&quot;&quot;,&quot;right&quot;:&quot;&quot;,&quot;bottom&quot;:&quot;&quot;,&quot;left&quot;:&quot;&quot;,&quot;isLinked&quot;:true},&quot;image_border_radius_mobile&quot;:{&quot;unit&quot;:&quot;px&quot;,&quot;top&quot;:&quot;&quot;,&quot;right&quot;:&quot;&quot;,&quot;bottom&quot;:&quot;&quot;,&quot;left&quot;:&quot;&quot;,&quot;isLinked&quot;:true},&quot;caption_padding&quot;:{&quot;unit&quot;:&quot;px&quot;,&quot;top&quot;:&quot;&quot;,&quot;right&quot;:&quot;&quot;,&quot;bottom&quot;:&quot;&quot;,&quot;left&quot;:&quot;&quot;,&quot;isLinked&quot;:true},&quot;caption_padding_tablet&quot;:{&quot;unit&quot;:&quot;px&quot;,&quot;top&quot;:&quot;&quot;,&quot;right&quot;:&quot;&quot;,&quot;bottom&quot;:&quot;&quot;,&quot;left&quot;:&quot;&quot;,&quot;isLinked&quot;:true},&quot;caption_padding_mobile&quot;:{&quot;unit&quot;:&quot;px&quot;,&quot;top&quot;:&quot;&quot;,&quot;right&quot;:&quot;&quot;,&quot;bottom&quot;:&quot;&quot;,&quot;left&quot;:&quot;&quot;,&quot;isLinked&quot;:true},&quot;caption_space&quot;:{&quot;unit&quot;:&quot;px&quot;,&quot;size&quot;:0,&quot;sizes&quot;:[]},&quot;caption_space_tablet&quot;:{&quot;unit&quot;:&quot;px&quot;,&quot;size&quot;:&quot;&quot;,&quot;sizes&quot;:[]},&quot;caption_space_mobile&quot;:{&quot;unit&quot;:&quot;px&quot;,&quot;size&quot;:&quot;&quot;,&quot;sizes&quot;:[]}}\" data-widget_type=\"site-logo.default\">\n\t\t\t\t<div class=\"elementor-widget-container\">\n\t\t\t\t\t\t\t<div class=\"hfe-site-logo\">\n\t\t\t\t\t\t\t\t\t\t\t\t\t<a data-elementor-open-lightbox=\"\"  class='elementor-clickable' href=\"https:\/\/brickstogo.ch\">\n\t\t\t\t\t\t\t<div class=\"hfe-site-logo-set\">           \n\t\t\t\t<div class=\"hfe-site-logo-container\">\n\t\t\t\t\t\t\t\t\t<img decoding=\"async\" class=\"hfe-site-logo-img elementor-animation-\"  src=\"https:\/\/brickstogo.ch\/wp-content\/uploads\/2022\/10\/Logo_BricksToGO_white-1.png\" alt=\"default-logo\"\/>\n\t\t\t\t<\/div>\n\t\t\t<\/div>\n\t\t\t\t\t\t\t<\/a>\n\t\t\t\t\t\t<\/div>  \n\t\t\t\t\t\t\t<\/div>\n\t\t\t\t<\/div>\n\t\t\t\t<section class=\"elementor-section elementor-inner-section elementor-element elementor-element-3f919b7 elementor-section-boxed elementor-section-height-default elementor-section-height-default\" data-id=\"3f919b7\" data-element_type=\"section\">\n\t\t\t\t\t\t<div class=\"elementor-container elementor-column-gap-default\">\n\t\t\t\t\t<div class=\"elementor-column elementor-col-100 elementor-inner-column elementor-element elementor-element-07c9c3d\" data-id=\"07c9c3d\" data-element_type=\"column\">\n\t\t\t<div class=\"elementor-widget-wrap elementor-element-populated\">\n\t\t\t\t\t\t<div class=\"elementor-element elementor-element-70f9a8d elementor-widget elementor-widget-heading\" data-id=\"70f9a8d\" data-element_type=\"widget\" data-widget_type=\"heading.default\">\n\t\t\t\t<div class=\"elementor-widget-container\">\n\t\t\t\t\t<h2 class=\"elementor-heading-title elementor-size-default\">AGB's<\/h2>\t\t\t\t<\/div>\n\t\t\t\t<\/div>\n\t\t\t\t\t<\/div>\n\t\t<\/div>\n\t\t\t\t\t<\/div>\n\t\t<\/section>\n\t\t\t\t\t<\/div>\n\t\t<\/div>\n\t\t\t\t\t<\/div>\n\t\t<\/section>\n\t\t\t\t<section class=\"elementor-section elementor-top-section elementor-element elementor-element-150cb45 elementor-section-boxed elementor-section-height-default elementor-section-height-default\" data-id=\"150cb45\" data-element_type=\"section\" data-settings=\"{&quot;background_background&quot;:&quot;classic&quot;}\">\n\t\t\t\t\t\t<div class=\"elementor-container elementor-column-gap-default\">\n\t\t\t\t\t<div class=\"elementor-column elementor-col-100 elementor-top-column elementor-element elementor-element-b3807dc\" data-id=\"b3807dc\" data-element_type=\"column\">\n\t\t\t<div class=\"elementor-widget-wrap elementor-element-populated\">\n\t\t\t\t\t\t<div class=\"elementor-element elementor-element-3fcf21e elementor-widget elementor-widget-text-editor\" data-id=\"3fcf21e\" data-element_type=\"widget\" data-widget_type=\"text-editor.default\">\n\t\t\t\t<div class=\"elementor-widget-container\">\n\t\t\t\t\t\t\t\t\t<p><strong>Allgemein:<\/strong><br \/>Wir vermieten gebrauchte Lego\u00ae-Steine. Unsere Steine sind gereinigt und gewaschen.<br \/>Es kann vorkommen, dass sich unter den Bausteinen verf\u00e4rbte Teile befinden.<br \/>Fremdteile sollten mehrheitlich aussortiert worden sein.<\/p><p><strong>Mietdauer:<\/strong><br \/>Die Mietdauer wird vor der \u00dcbergabe vereinbart.<br \/>Als Mietdauer gilt die Zeit, in der die LEGO\u00ae-Steine verwendet werden.<\/p><p><strong>Kosten:<br \/><\/strong>F\u00fcr die Dauer der Miete wird pro Tag der Preis der gew\u00e4hlten Kiste(n) verrechnet.<br \/>Die genauen Preise entnehmen Sie der Materialliste.<\/p><p>Die Spielsteine m\u00fcssen in Schaffhausen abgeholt werden. <br \/>In (vor Mietbeginn vereinbarten) Ausnahmef\u00e4llen k\u00f6nnen wir Lieferung und\/ oder Abholung \u00fcbernehmen.<br \/>F\u00fcr Lieferung und Abholung wird pro Kilometer CHF 1.00 verrechnet (Kilometerspesen). <br \/>Kleinere Mengen k\u00f6nnen nach Absprache auch mit der Post verschickt werden. Verpackungs- und Versandkosten werden extra berechnet.\u00a0<\/p><p><strong>Zahlungsarten:<\/strong><br \/>Barzahlung bei Abholung der Kisten oder vor Mietbeginn per \u00dcberweisung oder TWINT.\u00a0<\/p><p><strong>Verluste:<\/strong> <br \/>Abweichungen zwischen der abgegebenen und der zur\u00fcckgebrachten Menge (von einem Kilogramm (1kg) oder mehr) werden dem Mieter mit CHF 20.- \/ Kilogramm in Rechnung gestellt.<br \/>Spezialpreis f\u00fcr Figuren: Fehlende Figuren werden mit 20 CHF pro 50 Gramm (50g) berechnet.\u00a0<br \/>Empfehlung: Kontrollieren Sie die erhaltenen Figuren auf das angegebene Gewicht und reklamieren Sie bei Abweichungen VOR der Verwendung.\u00a0<\/p><p><strong>Abholung\/ R\u00fcckgabe:<\/strong><br \/>Die Bausteine k\u00f6nnen maximal zwei Tage vor der Verwendung in Schaffhausen abgeholt werden. Die R\u00fcckgabe muss innerhalb von zwei Tagen nach der vereinbarten Mietdauer ebenfalls in Schaffhausen stattfinden. Ausnahmen betreffend Abholung und R\u00fcckgabe erfolgen in Absprache mit den Verantwortlichen und werden schriftlich festgehalten.<\/p><p>Lieferungen oder Abholungen erfolgen nur in Ausnahmef\u00e4llen. Pro gefahrenem Kilometer ab Schaffhausen wird dabei eine Entsch\u00e4digung von CHF 1.00 erhoben.<\/p><p><strong>Regeln<br \/><\/strong>Die \u00abBricks To Go\u00bb-Steine d\u00fcrfen nur in Innenr\u00e4umen benutzt werden.<br \/>Unser Sortiment darf nicht mit anderen Lego\u00ae- oder Klemmbaustein-Best\u00e4nden vermischt werden. Die einzelnen Kisten m\u00fcssen im urspr\u00fcnglichen Zustand (wie zum Zeitpunkt der \u00dcbergabe erhalten) zur\u00fcckgegeben werden.\u00a0<br \/>Wir erwarten, dass unserem Material Sorge getragen wird.Wir behalten uns vor, unverh\u00e4ltnism\u00e4ssige Verschmutzungen oder Besch\u00e4digungen zus\u00e4tzlich in Rechnung zu stellen.<\/p>\t\t\t\t\t\t\t\t<\/div>\n\t\t\t\t<\/div>\n\t\t\t\t\t<\/div>\n\t\t<\/div>\n\t\t\t\t\t<\/div>\n\t\t<\/section>\n\t\t\t\t<\/div>\n\t\t","protected":false},"excerpt":{"rendered":"<p>AGB&#8217;s Allgemein:Wir vermieten gebrauchte Lego\u00ae-Steine. Unsere Steine sind gereinigt und gewaschen.Es kann vorkommen, dass sich unter den Bausteinen verf\u00e4rbte Teile befinden.Fremdteile sollten mehrheitlich aussortiert worden sein. Mietdauer:Die Mietdauer wird vor der \u00dcbergabe vereinbart.Als Mietdauer gilt die Zeit, in der die LEGO\u00ae-Steine verwendet werden. Kosten:F\u00fcr die Dauer der Miete wird pro Tag der Preis der gew\u00e4hlten [&hellip;]<\/p>\n","protected":false},"author":1,"featured_media":0,"parent":0,"menu_order":0,"comment_status":"closed","ping_status":"closed","template":"","meta":{"site-sidebar-layout":"no-sidebar","site-content-layout":"page-builder","ast-site-content-layout":"default","site-content-style":"default","site-sidebar-style":"default","ast-global-header-display":"","ast-banner-title-visibility":"","ast-main-header-display":"","ast-hfb-above-header-display":"","ast-hfb-below-header-display":"","ast-hfb-mobile-header-display":"","site-post-title":"disabled","ast-breadcrumbs-content":"","ast-featured-img":"disabled","footer-sml-layout":"","ast-disable-related-posts":"","theme-transparent-header-meta":"","adv-header-id-meta":"","stick-header-meta":"","header-above-stick-meta":"","header-main-stick-meta":"","header-below-stick-meta":"","astra-migrate-meta-layouts":"default","ast-page-background-enabled":"default","ast-page-background-meta":{"desktop":{"background-color":"var(--ast-global-color-4)","background-image":"","background-repeat":"repeat","background-position":"center center","background-size":"auto","background-attachment":"scroll","background-type":"","background-media":"","overlay-type":"","overlay-color":"","overlay-opacity":"","overlay-gradient":""},"tablet":{"background-color":"","background-image":"","background-repeat":"repeat","background-position":"center center","background-size":"auto","background-attachment":"scroll","background-type":"","background-media":"","overlay-type":"","overlay-color":"","overlay-opacity":"","overlay-gradient":""},"mobile":{"background-color":"","background-image":"","background-repeat":"repeat","background-position":"center center","background-size":"auto","background-attachment":"scroll","background-type":"","background-media":"","overlay-type":"","overlay-color":"","overlay-opacity":"","overlay-gradient":""}},"ast-content-background-meta":{"desktop":{"background-color":"var(--ast-global-color-5)","background-image":"","background-repeat":"repeat","background-position":"center center","background-size":"auto","background-attachment":"scroll","background-type":"","background-media":"","overlay-type":"","overlay-color":"","overlay-opacity":"","overlay-gradient":""},"tablet":{"background-color":"var(--ast-global-color-5)","background-image":"","background-repeat":"repeat","background-position":"center center","background-size":"auto","background-attachment":"scroll","background-type":"","background-media":"","overlay-type":"","overlay-color":"","overlay-opacity":"","overlay-gradient":""},"mobile":{"background-color":"var(--ast-global-color-5)","background-image":"","background-repeat":"repeat","background-position":"center center","background-size":"auto","background-attachment":"scroll","background-type":"","background-media":"","overlay-type":"","overlay-color":"","overlay-opacity":"","overlay-gradient":""}},"footnotes":""},"class_list":["post-915","page","type-page","status-publish","hentry"],"_links":{"self":[{"href":"https:\/\/brickstogo.ch\/index.php?rest_route=\/wp\/v2\/pages\/915","targetHints":{"allow":["GET"]}}],"collection":[{"href":"https:\/\/brickstogo.ch\/index.php?rest_route=\/wp\/v2\/pages"}],"about":[{"href":"https:\/\/brickstogo.ch\/index.php?rest_route=\/wp\/v2\/types\/page"}],"author":[{"embeddable":true,"href":"https:\/\/brickstogo.ch\/index.php?rest_route=\/wp\/v2\/users\/1"}],"replies":[{"embeddable":true,"href":"https:\/\/brickstogo.ch\/index.php?rest_route=%2Fwp%2Fv2%2Fcomments&post=915"}],"version-history":[{"count":37,"href":"https:\/\/brickstogo.ch\/index.php?rest_route=\/wp\/v2\/pages\/915\/revisions"}],"predecessor-version":[{"id":1332,"href":"https:\/\/brickstogo.ch\/index.php?rest_route=\/wp\/v2\/pages\/915\/revisions\/1332"}],"wp:attachment":[{"href":"https:\/\/brickstogo.ch\/index.php?rest_route=%2Fwp%2Fv2%2Fmedia&parent=915"}],"curies":[{"name":"wp","href":"https:\/\/api.w.org\/{rel}","templated":true}]}}